{"id":1716,"date":"2023-07-07T15:53:35","date_gmt":"2023-07-07T15:53:35","guid":{"rendered":"https:\/\/placeteco.com\/?page_id=1716"},"modified":"2024-10-16T18:15:27","modified_gmt":"2024-10-16T18:15:27","slug":"career","status":"publish","type":"page","link":"https:\/\/placeteco.com\/en\/career\/","title":{"rendered":"Career"},"content":{"rendered":"\n<section class=\"o-section -no-spacing hero-career\">\n    <div class=\"c-hero o-container full\">\n        <div class=\"c-hero_inner\">\n            <div class=\"c-hero_content\">\n                                                    <h1 class=\"c-hero_heading c-heading -h0 animated on-primary\" data-animation=\"fadeInUp\">Join our talented and<br> growing team!<\/h1>\n                                                                    <a class=\"c-hero_btn c-btn -secondary animated\" href=\"#form-condidate-spontaneous\" title=\"Join our team\" target=\"_self\" data-animation=\"heartBeat\">Join our team<\/a>\n                \n            <\/div>\n                        \n                <div class=\"c-hero_media -round\" src=\"https:\/\/placeteco.com\/wp-content\/uploads\/2023\/07\/hero-career-scaled.jpg\">\n                    <img decoding=\"async\" class=\"c-hero_image animated\" src=\"https:\/\/placeteco.com\/wp-content\/uploads\/2023\/07\/hero-career-scaled.jpg\" \n                     srcset=\"https:\/\/placeteco.com\/wp-content\/uploads\/2023\/07\/hero-career-1536x520.jpg 1536w, https:\/\/placeteco.com\/wp-content\/uploads\/2023\/07\/hero-career-2048x694.jpg 2048w, https:\/\/placeteco.com\/wp-content\/uploads\/2023\/07\/hero-career-1440x488.jpg 1440w, https:\/\/placeteco.com\/wp-content\/uploads\/2023\/07\/hero-career-720x244.jpg 720w, https:\/\/placeteco.com\/wp-content\/uploads\/2023\/07\/hero-career-360x122.jpg 360w\" sizes=\"(max-width: 1000px) 100vw, 50vw\"                     alt=\"Placeteco est une entreprise bas\u00e9e dans la r\u00e9gion de la Mauricie qui b\u00e9n\u00e9ficie d\u2019une r\u00e9putation internationale de premier plan.\" data-animation=\"fadeIn\">\n                                    <\/div>\n\n                    <\/div> \n    <\/div>\n<\/section>\n\n\n<section  class=\"o-block bloc-text-container-xs u-bg-primary-300\">\n    <div class=\"c-text o-container\">\n        <div class=\"c-text_inner\">\n            \n                            <div class=\"c-text_content animated w-100\" data-animation=\"fadeInUp\">\n                <h6 style=\"text-align: center;\">Based in the Mauricie region in Quebec, Placeteco is a growing aerospace company with over 35 years\u2019 experience in the design, development and manufacture of components and subsystems for airplanes and helicopters<\/h6>\n\n            <\/div>\n                    <\/div>\n    <\/div>\n<\/section>\n\n\n<section  class=\"o-block list-specifications-company\">\n    <div class=\"c-three-columns o-container\">\n        <div class=\"c-three-columns_inner\">\n            <div class=\"c-three-columns_left\">\n                <h3 style=\"text-align: center;\">A climate of mutual support,<br \/>\nrespect and creativity<\/h3>\n\n            <\/div>\n            <div class=\"c-three-columns_center\">\n                <h3 style=\"text-align: center;\">A company built on <strong>local<\/strong><br \/>\nand family values<\/h3>\n\n            <\/div>\n            <div class=\"c-three-columns_right\">\n                <h3 style=\"text-align: center;\">A <strong>motivating<\/strong> environment<br \/>\nin the heart of nature<\/h3>\n\n            <\/div>\n        <\/div>\n    <\/div>\n<\/section>\n\n\n<section class=\"o-section -no-spacing\" >\n    <div class=\"c-carousel c-product-carousel is-autoplay\">\n        <div class=\"carousel-gallery c-carousel_slider\" data-flickity='{\"prevNextButtons\": false, \"pageDots\": false, \"autoPlay\": 5000, \"pauseAutoPlayOnHover\": false, \"wrapAround\": true}'>\n                         \n                            <div class=\"carousel-gallery-cell\">\n                    <img decoding=\"async\" class=\"c-gallery_image animated\" src=\"https:\/\/placeteco.com\/wp-content\/uploads\/2023\/07\/equipe-placeteco-et-prix-bombardier-et-belle.jpg\" \n                     srcset=\"https:\/\/placeteco.com\/wp-content\/uploads\/2023\/07\/equipe-placeteco-et-prix-bombardier-et-belle.jpg 1536w, https:\/\/placeteco.com\/wp-content\/uploads\/2023\/07\/equipe-placeteco-et-prix-bombardier-et-belle.jpg 2048w, https:\/\/placeteco.com\/wp-content\/uploads\/2023\/07\/equipe-placeteco-et-prix-bombardier-et-belle.jpg 1440w, https:\/\/placeteco.com\/wp-content\/uploads\/2023\/07\/equipe-placeteco-et-prix-bombardier-et-belle-720x473.jpg 720w, https:\/\/placeteco.com\/wp-content\/uploads\/2023\/07\/equipe-placeteco-et-prix-bombardier-et-belle-360x237.jpg 360w\" sizes=\"(max-width: 1000px) 100vw, 50vw\"                     alt=\"\" data-animation=\"fadeIn\">\n                <\/div>\n             \n                            <div class=\"carousel-gallery-cell\">\n                    <img decoding=\"async\" class=\"c-gallery_image\" src=\"https:\/\/placeteco.com\/wp-content\/uploads\/2023\/09\/equipe-placeteco-en-conception.jpg\" \n                     srcset=\"https:\/\/placeteco.com\/wp-content\/uploads\/2023\/09\/equipe-placeteco-en-conception.jpg 1536w, https:\/\/placeteco.com\/wp-content\/uploads\/2023\/09\/equipe-placeteco-en-conception.jpg 2048w, https:\/\/placeteco.com\/wp-content\/uploads\/2023\/09\/equipe-placeteco-en-conception.jpg 1440w, https:\/\/placeteco.com\/wp-content\/uploads\/2023\/09\/equipe-placeteco-en-conception-720x575.jpg 720w, https:\/\/placeteco.com\/wp-content\/uploads\/2023\/09\/equipe-placeteco-en-conception-360x287.jpg 360w\" sizes=\"(max-width: 1000px) 100vw, 50vw\"                     alt=\"L'\u00e9quipe d\u2019ing\u00e9nierie de Placeteco.\" data-animation=\"fadeIn\">\n                <\/div>\n             \n                            <div class=\"carousel-gallery-cell\">\n                    <img decoding=\"async\" class=\"c-gallery_image\" src=\"https:\/\/placeteco.com\/wp-content\/uploads\/2023\/07\/travaux-de-finition-sur-un-tableau-de-bord-en-materiaux-composites.jpg\" \n                     srcset=\"https:\/\/placeteco.com\/wp-content\/uploads\/2023\/07\/travaux-de-finition-sur-un-tableau-de-bord-en-materiaux-composites.jpg 1536w, https:\/\/placeteco.com\/wp-content\/uploads\/2023\/07\/travaux-de-finition-sur-un-tableau-de-bord-en-materiaux-composites.jpg 2048w, https:\/\/placeteco.com\/wp-content\/uploads\/2023\/07\/travaux-de-finition-sur-un-tableau-de-bord-en-materiaux-composites.jpg 1440w, https:\/\/placeteco.com\/wp-content\/uploads\/2023\/07\/travaux-de-finition-sur-un-tableau-de-bord-en-materiaux-composites-720x480.jpg 720w, https:\/\/placeteco.com\/wp-content\/uploads\/2023\/07\/travaux-de-finition-sur-un-tableau-de-bord-en-materiaux-composites-360x240.jpg 360w\" sizes=\"(max-width: 1000px) 100vw, 50vw\"                     alt=\"\" data-animation=\"fadeIn\">\n                <\/div>\n             \n                            <div class=\"carousel-gallery-cell\">\n                    <img decoding=\"async\" class=\"c-gallery_image\" src=\"https:\/\/placeteco.com\/wp-content\/uploads\/2023\/08\/Capture-decran-2023-08-10-143311.png\" \n                     srcset=\"https:\/\/placeteco.com\/wp-content\/uploads\/2023\/08\/Capture-decran-2023-08-10-143311.png 1536w, https:\/\/placeteco.com\/wp-content\/uploads\/2023\/08\/Capture-decran-2023-08-10-143311.png 2048w, https:\/\/placeteco.com\/wp-content\/uploads\/2023\/08\/Capture-decran-2023-08-10-143311.png 1440w, https:\/\/placeteco.com\/wp-content\/uploads\/2023\/08\/Capture-decran-2023-08-10-143311-720x487.png 720w, https:\/\/placeteco.com\/wp-content\/uploads\/2023\/08\/Capture-decran-2023-08-10-143311-360x243.png 360w\" sizes=\"(max-width: 1000px) 100vw, 50vw\"                     alt=\"\" data-animation=\"fadeIn\">\n                <\/div>\n             \n                            <div class=\"carousel-gallery-cell\">\n                    <img decoding=\"async\" class=\"c-gallery_image\" src=\"https:\/\/placeteco.com\/wp-content\/uploads\/2024\/10\/shared-image2-1.jpeg\" \n                     srcset=\"https:\/\/placeteco.com\/wp-content\/uploads\/2024\/10\/shared-image2-1.jpeg 1536w, https:\/\/placeteco.com\/wp-content\/uploads\/2024\/10\/shared-image2-1.jpeg 2048w, https:\/\/placeteco.com\/wp-content\/uploads\/2024\/10\/shared-image2-1.jpeg 1440w, https:\/\/placeteco.com\/wp-content\/uploads\/2024\/10\/shared-image2-1.jpeg 720w, https:\/\/placeteco.com\/wp-content\/uploads\/2024\/10\/shared-image2-1-360x236.jpeg 360w\" sizes=\"(max-width: 1000px) 100vw, 50vw\"                     alt=\"\" data-animation=\"fadeIn\">\n                <\/div>\n                    <\/div>\n                    <div class=\"c-carousel_actions\">\n                <div class=\"c-carousel_btn -prev\"><\/div>\n                <div class=\"c-carousel_btn -next\"><\/div>\n            <\/div>\n            <\/div>\n<\/section>\n\n\n\n<p><\/p>\n","protected":false},"excerpt":{"rendered":"","protected":false},"author":1,"featured_media":0,"parent":0,"menu_order":0,"comment_status":"closed","ping_status":"closed","template":"\/templates\/job-offers.php","meta":{"inline_featured_image":false},"acf":[],"yoast_head":"<!-- This site is optimized with the Yoast SEO plugin v20.9 - https:\/\/yoast.com\/wordpress\/plugins\/seo\/ -->\n<title>Experts in aeronautics - Placeteco<\/title>\n<meta name=\"description\" content=\"Placeteco specializes in the design, development and manufacture of components and subsystems for aerospace companies.\" \/>\n<meta name=\"robots\" content=\"index, follow, max-snippet:-1, max-image-preview:large, max-video-preview:-1\" \/>\n<link rel=\"canonical\" href=\"https:\/\/placeteco.com\/en\/career\/\" \/>\n<meta property=\"og:locale\" content=\"en_US\" \/>\n<meta property=\"og:type\" content=\"article\" \/>\n<meta property=\"og:title\" content=\"Experts in aeronautics - Placeteco\" \/>\n<meta property=\"og:description\" content=\"Placeteco specializes in the design, development and manufacture of components and subsystems for aerospace companies.\" \/>\n<meta property=\"og:url\" content=\"https:\/\/placeteco.com\/en\/career\/\" \/>\n<meta property=\"og:site_name\" content=\"Placeteco\" \/>\n<meta property=\"article:modified_time\" content=\"2024-10-16T18:15:27+00:00\" \/>\n<meta property=\"og:image\" content=\"https:\/\/placeteco.com\/wp-content\/uploads\/2023\/06\/range_passenger_capacity.jpg\" \/>\n\t<meta property=\"og:image:width\" content=\"2048\" \/>\n\t<meta property=\"og:image:height\" content=\"952\" \/>\n\t<meta property=\"og:image:type\" content=\"image\/jpeg\" \/>\n<meta name=\"twitter:card\" content=\"summary_large_image\" \/>\n<script type=\"application\/ld+json\" class=\"yoast-schema-graph\">{\"@context\":\"https:\/\/schema.org\",\"@graph\":[{\"@type\":\"WebPage\",\"@id\":\"https:\/\/placeteco.com\/en\/career\/\",\"url\":\"https:\/\/placeteco.com\/en\/career\/\",\"name\":\"Experts in aeronautics - Placeteco\",\"isPartOf\":{\"@id\":\"https:\/\/placeteco.com\/en\/#website\"},\"datePublished\":\"2023-07-07T15:53:35+00:00\",\"dateModified\":\"2024-10-16T18:15:27+00:00\",\"description\":\"Placeteco specializes in the design, development and manufacture of components and subsystems for aerospace companies.\",\"breadcrumb\":{\"@id\":\"https:\/\/placeteco.com\/en\/career\/#breadcrumb\"},\"inLanguage\":\"en-US\",\"potentialAction\":[{\"@type\":\"ReadAction\",\"target\":[\"https:\/\/placeteco.com\/en\/career\/\"]}]},{\"@type\":\"BreadcrumbList\",\"@id\":\"https:\/\/placeteco.com\/en\/career\/#breadcrumb\",\"itemListElement\":[{\"@type\":\"ListItem\",\"position\":1,\"name\":\"Home\",\"item\":\"https:\/\/placeteco.com\/en\/\"},{\"@type\":\"ListItem\",\"position\":2,\"name\":\"Career\"}]},{\"@type\":\"WebSite\",\"@id\":\"https:\/\/placeteco.com\/en\/#website\",\"url\":\"https:\/\/placeteco.com\/en\/\",\"name\":\"Placeteco\",\"description\":\"\",\"potentialAction\":[{\"@type\":\"SearchAction\",\"target\":{\"@type\":\"EntryPoint\",\"urlTemplate\":\"https:\/\/placeteco.com\/en\/?s={search_term_string}\"},\"query-input\":\"required name=search_term_string\"}],\"inLanguage\":\"en-US\"}]}<\/script>\n<!-- \/ Yoast SEO plugin. -->","yoast_head_json":{"title":"Experts in aeronautics - Placeteco","description":"Placeteco specializes in the design, development and manufacture of components and subsystems for aerospace companies.","robots":{"index":"index","follow":"follow","max-snippet":"max-snippet:-1","max-image-preview":"max-image-preview:large","max-video-preview":"max-video-preview:-1"},"canonical":"https:\/\/placeteco.com\/en\/career\/","og_locale":"en_US","og_type":"article","og_title":"Experts in aeronautics - Placeteco","og_description":"Placeteco specializes in the design, development and manufacture of components and subsystems for aerospace companies.","og_url":"https:\/\/placeteco.com\/en\/career\/","og_site_name":"Placeteco","article_modified_time":"2024-10-16T18:15:27+00:00","og_image":[{"width":2048,"height":952,"url":"https:\/\/placeteco.com\/wp-content\/uploads\/2023\/06\/range_passenger_capacity.jpg","type":"image\/jpeg"}],"twitter_card":"summary_large_image","schema":{"@context":"https:\/\/schema.org","@graph":[{"@type":"WebPage","@id":"https:\/\/placeteco.com\/en\/career\/","url":"https:\/\/placeteco.com\/en\/career\/","name":"Experts in aeronautics - Placeteco","isPartOf":{"@id":"https:\/\/placeteco.com\/en\/#website"},"datePublished":"2023-07-07T15:53:35+00:00","dateModified":"2024-10-16T18:15:27+00:00","description":"Placeteco specializes in the design, development and manufacture of components and subsystems for aerospace companies.","breadcrumb":{"@id":"https:\/\/placeteco.com\/en\/career\/#breadcrumb"},"inLanguage":"en-US","potentialAction":[{"@type":"ReadAction","target":["https:\/\/placeteco.com\/en\/career\/"]}]},{"@type":"BreadcrumbList","@id":"https:\/\/placeteco.com\/en\/career\/#breadcrumb","itemListElement":[{"@type":"ListItem","position":1,"name":"Home","item":"https:\/\/placeteco.com\/en\/"},{"@type":"ListItem","position":2,"name":"Career"}]},{"@type":"WebSite","@id":"https:\/\/placeteco.com\/en\/#website","url":"https:\/\/placeteco.com\/en\/","name":"Placeteco","description":"","potentialAction":[{"@type":"SearchAction","target":{"@type":"EntryPoint","urlTemplate":"https:\/\/placeteco.com\/en\/?s={search_term_string}"},"query-input":"required name=search_term_string"}],"inLanguage":"en-US"}]}},"_links":{"self":[{"href":"https:\/\/placeteco.com\/en\/wp-json\/wp\/v2\/pages\/1716"}],"collection":[{"href":"https:\/\/placeteco.com\/en\/wp-json\/wp\/v2\/pages"}],"about":[{"href":"https:\/\/placeteco.com\/en\/wp-json\/wp\/v2\/types\/page"}],"author":[{"embeddable":true,"href":"https:\/\/placeteco.com\/en\/wp-json\/wp\/v2\/users\/1"}],"replies":[{"embeddable":true,"href":"https:\/\/placeteco.com\/en\/wp-json\/wp\/v2\/comments?post=1716"}],"version-history":[{"count":23,"href":"https:\/\/placeteco.com\/en\/wp-json\/wp\/v2\/pages\/1716\/revisions"}],"predecessor-version":[{"id":2532,"href":"https:\/\/placeteco.com\/en\/wp-json\/wp\/v2\/pages\/1716\/revisions\/2532"}],"wp:attachment":[{"href":"https:\/\/placeteco.com\/en\/wp-json\/wp\/v2\/media?parent=1716"}],"curies":[{"name":"wp","href":"https:\/\/api.w.org\/{rel}","templated":true}]}}